{"id":1198,"date":"2022-07-17T23:57:23","date_gmt":"2022-07-17T23:57:23","guid":{"rendered":"http:\/\/www.diegosafari.com\/site\/?page_id=1198"},"modified":"2022-07-30T14:46:28","modified_gmt":"2022-07-30T14:46:28","slug":"chi-sono","status":"publish","type":"page","link":"https:\/\/www.diegosafari.com\/site\/chi-sono\/","title":{"rendered":"Chi sono"},"content":{"rendered":"<p>Ciao, mi presento, il mio nome \u00e8 Haji Bwana Heri, ma puoi chiamarmi Diego.<\/p>\n<p>Sono un ragazzo di Watamu in Kenya, lavoro come guida turistica nel mio paese da oltre 10 anni, ho iniziato questa attivit\u00e0 da giovanissimo come beach boy poi, con grande impegno e tanta passione sono cresciuto.<\/p>\n<p>Oggi collaboro con un&#8217;agenzia turistica locale per poterti offrire tutte le garanzie ed il miglior servizio possibile per il tuo safari.<\/p>\n<p>La mia soddisfazione pi\u00f9 grande \u00e8 renderti entusiasta della tua vacanza.<\/p>\n<p>La mia filosofia \u00e8 farti vivere il Kenya, quello vero, e non il solito tour commerciale che in molti propongono, ma se non condividi la mia filosofia non c&#8217;\u00e8 problema, posso venire incontro a qualsiasi tua richiesta, il mio motto \u00e8 &#8220;con Diego tutto \u00e8 possibile&#8221;.<\/p>\nngg_shortcode_0_placeholder\n<p style=\"text-align: center;\">Per sapere di pi\u00f9 su cosa faccio e cosa pensa la gente di me, visita i miei profili social cliccando sui link a fondo pagina.<\/p>\n<p>&nbsp;<\/p>\n<p>&nbsp;<\/p>\n<p>&nbsp;<\/p>\n","protected":false},"excerpt":{"rendered":"<p>Ciao, mi presento, il mio nome \u00e8 Haji Bwana Heri, ma puoi chiamarmi Diego. Sono un ragazzo di Watamu in Kenya, lavoro come guida turistica nel mio paese da oltre 10 anni, ho iniziato questa attivit\u00e0 da giovanissimo come beach boy poi, con grande impegno e tanta passione sono cresciuto. Oggi collaboro con un&#8217;agenzia turistica locale per poterti offrire tutte le garanzie ed il miglior servizio possibile per il tuo safari. La mia soddisfazione pi\u00f9 grande \u00e8 renderti entusiasta della&#8230;<\/p>\n<p class=\"continue-reading-button\"> <a class=\"continue-reading-link\" href=\"https:\/\/www.diegosafari.com\/site\/chi-sono\/\">Programma completo<i class=\"crycon-right-dir\"><\/i><\/a><\/p>\n","protected":false},"author":1,"featured_media":0,"parent":0,"menu_order":0,"comment_status":"closed","ping_status":"closed","template":"","meta":{"ngg_post_thumbnail":0},"aioseo_notices":[],"_links":{"self":[{"href":"https:\/\/www.diegosafari.com\/site\/wp-json\/wp\/v2\/pages\/1198"}],"collection":[{"href":"https:\/\/www.diegosafari.com\/site\/wp-json\/wp\/v2\/pages"}],"about":[{"href":"https:\/\/www.diegosafari.com\/site\/wp-json\/wp\/v2\/types\/page"}],"author":[{"embeddable":true,"href":"https:\/\/www.diegosafari.com\/site\/wp-json\/wp\/v2\/users\/1"}],"replies":[{"embeddable":true,"href":"https:\/\/www.diegosafari.com\/site\/wp-json\/wp\/v2\/comments?post=1198"}],"version-history":[{"count":22,"href":"https:\/\/www.diegosafari.com\/site\/wp-json\/wp\/v2\/pages\/1198\/revisions"}],"predecessor-version":[{"id":1509,"href":"https:\/\/www.diegosafari.com\/site\/wp-json\/wp\/v2\/pages\/1198\/revisions\/1509"}],"wp:attachment":[{"href":"https:\/\/www.diegosafari.com\/site\/wp-json\/wp\/v2\/media?parent=1198"}],"curies":[{"name":"wp","href":"https:\/\/api.w.org\/{rel}","templated":true}]}}